{"id":1348,"date":"2017-01-06T17:08:43","date_gmt":"2017-01-06T17:08:43","guid":{"rendered":"http:\/\/photostory.dk\/?page_id=1348"},"modified":"2017-01-19T09:34:03","modified_gmt":"2017-01-19T09:34:03","slug":"karlslundegaardens-koeer-og-stiunderfoering-ved-karlslunde-landevej","status":"publish","type":"page","link":"https:\/\/www.photostory.dk\/?page_id=1348","title":{"rendered":"Karlslundeg\u00e5rdens k\u00f8er og stiunderf\u00f8ring ved Karlslunde Landevej"},"content":{"rendered":"<p style=\"text-align: center;\"><a href=\"http:\/\/photostory.dk\/wp-content\/uploads\/2017\/01\/karlslunde_0005_small.jpg\"><img decoding=\"async\" loading=\"lazy\" class=\"aligncenter wp-image-1397 size-full\" src=\"http:\/\/photostory.dk\/wp-content\/uploads\/2017\/01\/karlslunde_0005_small.jpg\" width=\"550\" height=\"776\" srcset=\"https:\/\/www.photostory.dk\/wp-content\/uploads\/2017\/01\/karlslunde_0005_small.jpg 550w, https:\/\/www.photostory.dk\/wp-content\/uploads\/2017\/01\/karlslunde_0005_small-156x220.jpg 156w\" sizes=\"(max-width: 550px) 100vw, 550px\" \/><\/a><\/p>\n<p style=\"text-align: center;\">Snedkergangen 18 Karlslunde 1981.<\/p>\n<p>Karlslundeg\u00e5rdens k\u00f8er, inden der blev bygget p\u00e5 grunden Snedkergangen 18. Stiunderf\u00f8ring ved Karlslunde Landevej.<\/p>\n<p>\u00bbKarlslunde f\u00f8r og nu \u2013 og lidt om fremtiden\u00ab er titlen p\u00e5 et undervisningsforl\u00f8b, som en 4. klasse med stor dygtighed udf\u00f8rte p\u00e5 Karlslunde Skole i Greve Kommune i slutningen af \u00e5ret 1981. Se mere om undervisningsforl\u00f8bet <a href=\"http:\/\/photostory.dk\/?page_id=297\">her!<\/a><\/p>\n<p style=\"text-align: center;\"><a href=\"http:\/\/photostory.dk\/?page_id=289\">Oversigt over \u00bbKarlslunde f\u00f8r og nu \u2013 og lidt om fremtiden\u00ab 1981<\/a><\/p>\n","protected":false},"excerpt":{"rendered":"<p>Snedkergangen 18 Karlslunde 1981. Karlslundeg\u00e5rdens k\u00f8er, inden der blev bygget p\u00e5 grunden Snedkergangen 18. Stiunderf\u00f8ring ved Karlslunde Landevej. \u00bbKarlslunde f\u00f8r og nu \u2013 og lidt om fremtiden\u00ab er titlen p\u00e5 et undervisningsforl\u00f8b, som en 4. klasse med stor dygtighed udf\u00f8rte p\u00e5 Karlslunde Skole i Greve Kommune i slutningen af \u00e5ret 1981. Se mere om undervisningsforl\u00f8bet &hellip; <a href=\"https:\/\/www.photostory.dk\/?page_id=1348\" class=\"more-link\">L\u00e6s mere <span class=\"screen-reader-text\">Karlslundeg\u00e5rdens k\u00f8er og stiunderf\u00f8ring ved Karlslunde Landevej<\/span><\/a><\/p>\n","protected":false},"author":1,"featured_media":0,"parent":0,"menu_order":0,"comment_status":"closed","ping_status":"closed","template":"","meta":[],"_links":{"self":[{"href":"https:\/\/www.photostory.dk\/index.php?rest_route=\/wp\/v2\/pages\/1348"}],"collection":[{"href":"https:\/\/www.photostory.dk\/index.php?rest_route=\/wp\/v2\/pages"}],"about":[{"href":"https:\/\/www.photostory.dk\/index.php?rest_route=\/wp\/v2\/types\/page"}],"author":[{"embeddable":true,"href":"https:\/\/www.photostory.dk\/index.php?rest_route=\/wp\/v2\/users\/1"}],"replies":[{"embeddable":true,"href":"https:\/\/www.photostory.dk\/index.php?rest_route=%2Fwp%2Fv2%2Fcomments&post=1348"}],"version-history":[{"count":9,"href":"https:\/\/www.photostory.dk\/index.php?rest_route=\/wp\/v2\/pages\/1348\/revisions"}],"predecessor-version":[{"id":1976,"href":"https:\/\/www.photostory.dk\/index.php?rest_route=\/wp\/v2\/pages\/1348\/revisions\/1976"}],"wp:attachment":[{"href":"https:\/\/www.photostory.dk\/index.php?rest_route=%2Fwp%2Fv2%2Fmedia&parent=1348"}],"curies":[{"name":"wp","href":"https:\/\/api.w.org\/{rel}","templated":true}]}}