{"id":1342,"date":"2017-01-09T11:53:52","date_gmt":"2017-01-09T11:53:52","guid":{"rendered":"http:\/\/photostory.dk\/?page_id=1342"},"modified":"2017-01-09T11:56:06","modified_gmt":"2017-01-09T11:56:06","slug":"cookies-paa-www-photostory-dk","status":"publish","type":"page","link":"https:\/\/www.photostory.dk\/?page_id=1342","title":{"rendered":"Cookies p\u00e5 www.photostory.dk"},"content":{"rendered":"<p><span style=\"text-decoration: underline;\"><strong>Cookies p\u00e5 www.photostory.dk<\/strong><\/span><\/p>\n<p>Denne hjemmeside photostory.dk bruger cookies.\u00a0Cookies anvendes p\u00e5\u00a0stort set alle websites.<\/p>\n<p>En cookie er en fil, som l\u00e6gges p\u00e5 din computer eller andet it-udstyr. Den g\u00f8r det muligt at genkende din computer og samle information om, hvilke sider og funktioner, der bes\u00f8ges med din browser.\u00a0S\u00e5dan sletter eller blokerer du cookies: Se mere her:\u00a0<a href=\"http:\/\/minecookies.org\/cookiehandtering\/\">http:\/\/minecookies.org\/cookiehandtering\/<\/a><\/p>\n<p>Cookies kan ikke se, hvem du er, hvad du hedder, hvor du bor eller om computeren bruges af en eller flere personer. Den kan heller ikke sprede computervirus eller andre skadelige programmer.\u00a0Dette websted bruger forskellige typer af cookies. Nogle cookies s\u00e6ttes af tredjeparts tjenester, der vises p\u00e5\u00a0siderne.\u00a0Websitet bruger cookies fra Google Analytics og fra StatCounter.com \u00a0til at m\u00e5le trafikken p\u00e5 websitet. Desuden anvendes\u00a0f\u00f8lgende annoncenetv\u00e6rk: Google AdSense.\u00a0Vi bruger cookies til at personalisere din brugeroplevelse og til at unders\u00f8ge, hvordan hjemmesiden bliver brugt.<\/p>\n<p><strong><em>Bem\u00e6rk: Du giver dit samtykke til vores cookies, hvis du forts\u00e6tter med at bruge denne hjemmeside<\/em><\/strong>.<\/p>\n<p>Hjemmesiden ejes af: Photostory.dk.\u00a0Ved\u00a0Lars Bj\u00f8rnsten\u00a0Fasanvej 14\u00a05230 Odense M. \u00a0E-mail:\u00a0bjoernsten @ gmail.com<\/p>\n<p>L\u00e6s mere om cookies og det juridiske grundlag i:<\/p>\n<ul>\n<li><a href=\"http:\/\/www.erhvervsstyrelsen.dk\/cookies\" shape=\"rect\">&#8220;Bekendtg\u00f8relse om krav til information og samtykke ved lagring af eller adgang til oplysninger i slutbrugeres terminaludstyr&#8221; (Cookiebekendtg\u00f8relsen)<\/a><\/li>\n<\/ul>\n<p>Lars Bj\u00f8rnsten Odense 9. januar 2017<\/p>\n","protected":false},"excerpt":{"rendered":"<p>Cookies p\u00e5 www.photostory.dk Denne hjemmeside photostory.dk bruger cookies.\u00a0Cookies anvendes p\u00e5\u00a0stort set alle websites. En cookie er en fil, som l\u00e6gges p\u00e5 din computer eller andet it-udstyr. Den g\u00f8r det muligt at genkende din computer og samle information om, hvilke sider og funktioner, der bes\u00f8ges med din browser.\u00a0S\u00e5dan sletter eller blokerer du cookies: Se mere her:\u00a0http:\/\/minecookies.org\/cookiehandtering\/ &hellip; <a href=\"https:\/\/www.photostory.dk\/?page_id=1342\" class=\"more-link\">L\u00e6s mere <span class=\"screen-reader-text\">Cookies p\u00e5 www.photostory.dk<\/span><\/a><\/p>\n","protected":false},"author":1,"featured_media":0,"parent":0,"menu_order":0,"comment_status":"closed","ping_status":"closed","template":"","meta":[],"_links":{"self":[{"href":"https:\/\/www.photostory.dk\/index.php?rest_route=\/wp\/v2\/pages\/1342"}],"collection":[{"href":"https:\/\/www.photostory.dk\/index.php?rest_route=\/wp\/v2\/pages"}],"about":[{"href":"https:\/\/www.photostory.dk\/index.php?rest_route=\/wp\/v2\/types\/page"}],"author":[{"embeddable":true,"href":"https:\/\/www.photostory.dk\/index.php?rest_route=\/wp\/v2\/users\/1"}],"replies":[{"embeddable":true,"href":"https:\/\/www.photostory.dk\/index.php?rest_route=%2Fwp%2Fv2%2Fcomments&post=1342"}],"version-history":[{"count":5,"href":"https:\/\/www.photostory.dk\/index.php?rest_route=\/wp\/v2\/pages\/1342\/revisions"}],"predecessor-version":[{"id":1587,"href":"https:\/\/www.photostory.dk\/index.php?rest_route=\/wp\/v2\/pages\/1342\/revisions\/1587"}],"wp:attachment":[{"href":"https:\/\/www.photostory.dk\/index.php?rest_route=%2Fwp%2Fv2%2Fmedia&parent=1342"}],"curies":[{"name":"wp","href":"https:\/\/api.w.org\/{rel}","templated":true}]}}