{"id":1337,"date":"2017-01-05T22:44:51","date_gmt":"2017-01-05T22:44:51","guid":{"rendered":"http:\/\/photostory.dk\/?page_id=1337"},"modified":"2017-01-05T22:45:33","modified_gmt":"2017-01-05T22:45:33","slug":"sds-i-karlslunde-hovedgaden-17-i-1981","status":"publish","type":"page","link":"https:\/\/www.photostory.dk\/?page_id=1337","title":{"rendered":"SDS i Karlslunde Hovedgaden 17 i 1981"},"content":{"rendered":"<p style=\"text-align: center;\"><a href=\"http:\/\/photostory.dk\/wp-content\/uploads\/2017\/01\/lb_0007_small.jpg\"><img decoding=\"async\" loading=\"lazy\" class=\"alignnone size-full wp-image-1306\" src=\"http:\/\/photostory.dk\/wp-content\/uploads\/2017\/01\/lb_0007_small.jpg\" alt=\"\" width=\"550\" height=\"775\" srcset=\"https:\/\/www.photostory.dk\/wp-content\/uploads\/2017\/01\/lb_0007_small.jpg 550w, https:\/\/www.photostory.dk\/wp-content\/uploads\/2017\/01\/lb_0007_small-156x220.jpg 156w\" sizes=\"(max-width: 550px) 100vw, 550px\" \/><\/a><\/p>\n<p style=\"text-align: center;\">SDS i Karlslunde 1981 &#8211;\u00a0Hovedgaden 17 2690 Karlslunde<\/p>\n<p>SDS i Karlslunde var der nok ikke lige s\u00e5 moderne og der l\u00e5 en forretning, hvor man kunne k\u00f8be slik og en hel masse andre ting. i dag ligger der en sparekasse. I dag er den meget moderne og i fremtiden vil der nok v\u00e6re en sparekasse.<\/p>\n<p>\u00bbKarlslunde f\u00f8r og nu \u2013 og lidt om fremtiden\u00ab er titlen p\u00e5 et undervisningsforl\u00f8b, som en 4. klasse med stor dygtighed udf\u00f8rte p\u00e5 Karlslunde Skole i Greve Kommune i slutningen af \u00e5ret 1981. Se mere om undervisningsforl\u00f8bet <a href=\"http:\/\/photostory.dk\/?page_id=297\">her!<\/a><\/p>\n<p style=\"text-align: center;\"><a href=\"http:\/\/photostory.dk\/?page_id=289\">Oversigt over \u00bbKarlslunde f\u00f8r og nu \u2013 og lidt om fremtiden\u00ab 1981<\/a><\/p>\n","protected":false},"excerpt":{"rendered":"<p>SDS i Karlslunde 1981 &#8211;\u00a0Hovedgaden 17 2690 Karlslunde SDS i Karlslunde var der nok ikke lige s\u00e5 moderne og der l\u00e5 en forretning, hvor man kunne k\u00f8be slik og en hel masse andre ting. i dag ligger der en sparekasse. I dag er den meget moderne og i fremtiden vil der nok v\u00e6re en sparekasse. &hellip; <a href=\"https:\/\/www.photostory.dk\/?page_id=1337\" class=\"more-link\">L\u00e6s mere <span class=\"screen-reader-text\">SDS i Karlslunde Hovedgaden 17 i 1981<\/span><\/a><\/p>\n","protected":false},"author":1,"featured_media":0,"parent":0,"menu_order":0,"comment_status":"closed","ping_status":"closed","template":"","meta":[],"_links":{"self":[{"href":"https:\/\/www.photostory.dk\/index.php?rest_route=\/wp\/v2\/pages\/1337"}],"collection":[{"href":"https:\/\/www.photostory.dk\/index.php?rest_route=\/wp\/v2\/pages"}],"about":[{"href":"https:\/\/www.photostory.dk\/index.php?rest_route=\/wp\/v2\/types\/page"}],"author":[{"embeddable":true,"href":"https:\/\/www.photostory.dk\/index.php?rest_route=\/wp\/v2\/users\/1"}],"replies":[{"embeddable":true,"href":"https:\/\/www.photostory.dk\/index.php?rest_route=%2Fwp%2Fv2%2Fcomments&post=1337"}],"version-history":[{"count":3,"href":"https:\/\/www.photostory.dk\/index.php?rest_route=\/wp\/v2\/pages\/1337\/revisions"}],"predecessor-version":[{"id":1341,"href":"https:\/\/www.photostory.dk\/index.php?rest_route=\/wp\/v2\/pages\/1337\/revisions\/1341"}],"wp:attachment":[{"href":"https:\/\/www.photostory.dk\/index.php?rest_route=%2Fwp%2Fv2%2Fmedia&parent=1337"}],"curies":[{"name":"wp","href":"https:\/\/api.w.org\/{rel}","templated":true}]}}