{"id":1295,"date":"2017-01-05T15:54:35","date_gmt":"2017-01-05T15:54:35","guid":{"rendered":"http:\/\/photostory.dk\/?page_id=1295"},"modified":"2017-01-05T22:39:45","modified_gmt":"2017-01-05T22:39:45","slug":"bageren-i-karlslunde-1981-2","status":"publish","type":"page","link":"https:\/\/www.photostory.dk\/?page_id=1295","title":{"rendered":"Bageren i Karlslunde 1981"},"content":{"rendered":"<p><a href=\"http:\/\/photostory.dk\/wp-content\/uploads\/2017\/01\/bageren-karlslunde-1.jpg\"><img decoding=\"async\" loading=\"lazy\" class=\"alignnone size-full wp-image-1284 aligncenter\" src=\"http:\/\/photostory.dk\/wp-content\/uploads\/2017\/01\/bageren-karlslunde-1.jpg\" alt=\"\" width=\"420\" height=\"313\" srcset=\"https:\/\/www.photostory.dk\/wp-content\/uploads\/2017\/01\/bageren-karlslunde-1.jpg 420w, https:\/\/www.photostory.dk\/wp-content\/uploads\/2017\/01\/bageren-karlslunde-1-295x220.jpg 295w\" sizes=\"(max-width: 420px) 100vw, 420px\" \/><\/a><\/p>\n<p style=\"text-align: center;\">Bageren i Karlslunde 1981 &#8211; M\u00f8llevej 18 2690 Karlslunde.<\/p>\n<p>I 1910 var Karlslunde en meget lille by. Byen voksede op omkring gadek\u00e6ret, der var kun bager, en slagter, en skomager og en butik med de n\u00f8dvendige ting. Omkring gadek\u00e6ret var der kun f\u00e5 huse og det var hele Karlslunde. Fra byen ned til stranden var der kun marker og der var kun to veje ned til stranden Karlslunde Strandvej og Karlslunde Mosevej, som den gang var en smal sandsti. Det lille bageri oppe i byen transporterede br\u00f8d og andet i en hestevogn til folk p\u00e5 g\u00e5rdene og folk som boede nede ved stranden. F\u00f8rst senere fik de br\u00f8dbil.<\/p>\n<p>Dengang var det mere besv\u00e6rligt at drive bageri, fordi der blandt andet ikke fandtes nogle frysere og man m\u00e5tte beregne, hvor meget der gik til dag til dag. i dag har man desuden mange maskiner til hj\u00e6lp.<\/p>\n<p style=\"text-align: center;\"><a href=\"http:\/\/photostory.dk\/wp-content\/uploads\/2017\/01\/bageren-karlslunde-2.jpg\"><img decoding=\"async\" loading=\"lazy\" class=\"size-full wp-image-1285 aligncenter\" src=\"http:\/\/photostory.dk\/wp-content\/uploads\/2017\/01\/bageren-karlslunde-2.jpg\" alt=\"\" width=\"419\" height=\"331\" srcset=\"https:\/\/www.photostory.dk\/wp-content\/uploads\/2017\/01\/bageren-karlslunde-2.jpg 419w, https:\/\/www.photostory.dk\/wp-content\/uploads\/2017\/01\/bageren-karlslunde-2-278x220.jpg 278w\" sizes=\"(max-width: 419px) 100vw, 419px\" \/><\/a><\/p>\n<p style=\"text-align: left;\">Bagved bageren er der en g\u00e5rd, som der mennesker p\u00e5. Og dem der bor p\u00e5 g\u00e5rden ejer bageren.<\/p>\n<p>\u00bbKarlslunde f\u00f8r og nu &#8211; og lidt om fremtiden\u00ab er titlen p\u00e5 et undervisningsforl\u00f8b, som en 4. klasse med stor dygtighed udf\u00f8rte p\u00e5 Karlslunde Skole i Greve Kommune i slutningen af \u00e5ret 1981. Se mere om undervisningsforl\u00f8bet <a href=\"http:\/\/photostory.dk\/?page_id=289\">her!<\/a><\/p>\n<p style=\"text-align: center;\"><a href=\"http:\/\/photostory.dk\/?page_id=289\">Oversigt over \u00bbKarlslunde f\u00f8r og nu \u2013 og lidt om fremtiden\u00ab 1981<\/a><\/p>\n","protected":false},"excerpt":{"rendered":"<p>Bageren i Karlslunde 1981 &#8211; M\u00f8llevej 18 2690 Karlslunde. I 1910 var Karlslunde en meget lille by. Byen voksede op omkring gadek\u00e6ret, der var kun bager, en slagter, en skomager og en butik med de n\u00f8dvendige ting. Omkring gadek\u00e6ret var der kun f\u00e5 huse og det var hele Karlslunde. Fra byen ned til stranden var &hellip; <a href=\"https:\/\/www.photostory.dk\/?page_id=1295\" class=\"more-link\">L\u00e6s mere <span class=\"screen-reader-text\">Bageren i Karlslunde 1981<\/span><\/a><\/p>\n","protected":false},"author":1,"featured_media":0,"parent":0,"menu_order":0,"comment_status":"closed","ping_status":"closed","template":"","meta":[],"_links":{"self":[{"href":"https:\/\/www.photostory.dk\/index.php?rest_route=\/wp\/v2\/pages\/1295"}],"collection":[{"href":"https:\/\/www.photostory.dk\/index.php?rest_route=\/wp\/v2\/pages"}],"about":[{"href":"https:\/\/www.photostory.dk\/index.php?rest_route=\/wp\/v2\/types\/page"}],"author":[{"embeddable":true,"href":"https:\/\/www.photostory.dk\/index.php?rest_route=\/wp\/v2\/users\/1"}],"replies":[{"embeddable":true,"href":"https:\/\/www.photostory.dk\/index.php?rest_route=%2Fwp%2Fv2%2Fcomments&post=1295"}],"version-history":[{"count":10,"href":"https:\/\/www.photostory.dk\/index.php?rest_route=\/wp\/v2\/pages\/1295\/revisions"}],"predecessor-version":[{"id":1336,"href":"https:\/\/www.photostory.dk\/index.php?rest_route=\/wp\/v2\/pages\/1295\/revisions\/1336"}],"wp:attachment":[{"href":"https:\/\/www.photostory.dk\/index.php?rest_route=%2Fwp%2Fv2%2Fmedia&parent=1295"}],"curies":[{"name":"wp","href":"https:\/\/api.w.org\/{rel}","templated":true}]}}