{"id":1282,"date":"2017-01-15T11:54:21","date_gmt":"2017-01-15T11:54:21","guid":{"rendered":"http:\/\/photostory.dk\/?page_id=1282"},"modified":"2017-01-15T11:54:35","modified_gmt":"2017-01-15T11:54:35","slug":"moens-klint-et-enestaaende-naturomraade-i-danmark","status":"publish","type":"page","link":"https:\/\/www.photostory.dk\/?page_id=1282","title":{"rendered":"M\u00f8ns Klint- et enest\u00e5ende naturomr\u00e5de i Danmark"},"content":{"rendered":"<p><a href=\"http:\/\/photostory.dk\/wp-content\/uploads\/2017\/01\/310703-084.jpg\"><img decoding=\"async\" loading=\"lazy\" class=\"size-large wp-image-1663 aligncenter\" src=\"http:\/\/photostory.dk\/wp-content\/uploads\/2017\/01\/310703-084-1024x768.jpg\" alt=\"\" width=\"660\" height=\"495\" srcset=\"https:\/\/www.photostory.dk\/wp-content\/uploads\/2017\/01\/310703-084-1024x768.jpg 1024w, https:\/\/www.photostory.dk\/wp-content\/uploads\/2017\/01\/310703-084-293x220.jpg 293w, https:\/\/www.photostory.dk\/wp-content\/uploads\/2017\/01\/310703-084-768x576.jpg 768w, https:\/\/www.photostory.dk\/wp-content\/uploads\/2017\/01\/310703-084.jpg 1600w\" sizes=\"(max-width: 660px) 100vw, 660px\" \/><\/a><\/p>\n<p style=\"text-align: center;\">M\u00f8ns Klint. Foto Henrik Bj\u00f8rnsten M\u00f8n<\/p>\n<p>M\u00f8ns Klint, set fra havsiden. Et ca. km 6 langst kridtbjerg langs med \u00d8sters\u00f8en p\u00e5 \u00f8stsiden af M\u00f8n. Et bes\u00f8g her er en af Danmarks st\u00f8rste natursev\u00e6rdigheder og giver en naturoplevelse udover det s\u00e6dvanlige. Stedet byder p\u00e5 s\u00e6rlige dyre- og planteoplevelser. De smukke hvide kalklinter og deres spir giver en en unik oplevelse.<\/p>\n<p><img decoding=\"async\" loading=\"lazy\" class=\"size-large wp-image-1662 aligncenter\" src=\"http:\/\/photostory.dk\/wp-content\/uploads\/2017\/01\/310703-078-1024x768.jpg\" alt=\"\" width=\"660\" height=\"495\" srcset=\"https:\/\/www.photostory.dk\/wp-content\/uploads\/2017\/01\/310703-078-1024x768.jpg 1024w, https:\/\/www.photostory.dk\/wp-content\/uploads\/2017\/01\/310703-078-293x220.jpg 293w, https:\/\/www.photostory.dk\/wp-content\/uploads\/2017\/01\/310703-078-768x576.jpg 768w, https:\/\/www.photostory.dk\/wp-content\/uploads\/2017\/01\/310703-078.jpg 1600w\" sizes=\"(max-width: 660px) 100vw, 660px\" \/><\/p>\n<p style=\"text-align: center;\">M\u00f8ns Klint. Foto Henrik Bj\u00f8rnsten M\u00f8n<\/p>\n","protected":false},"excerpt":{"rendered":"<p>M\u00f8ns Klint. Foto Henrik Bj\u00f8rnsten M\u00f8n M\u00f8ns Klint, set fra havsiden. Et ca. km 6 langst kridtbjerg langs med \u00d8sters\u00f8en p\u00e5 \u00f8stsiden af M\u00f8n. Et bes\u00f8g her er en af Danmarks st\u00f8rste natursev\u00e6rdigheder og giver en naturoplevelse udover det s\u00e6dvanlige. Stedet byder p\u00e5 s\u00e6rlige dyre- og planteoplevelser. De smukke hvide kalklinter og deres spir giver &hellip; <a href=\"https:\/\/www.photostory.dk\/?page_id=1282\" class=\"more-link\">L\u00e6s mere <span class=\"screen-reader-text\">M\u00f8ns Klint- et enest\u00e5ende naturomr\u00e5de i Danmark<\/span><\/a><\/p>\n","protected":false},"author":1,"featured_media":0,"parent":0,"menu_order":0,"comment_status":"closed","ping_status":"closed","template":"","meta":[],"_links":{"self":[{"href":"https:\/\/www.photostory.dk\/index.php?rest_route=\/wp\/v2\/pages\/1282"}],"collection":[{"href":"https:\/\/www.photostory.dk\/index.php?rest_route=\/wp\/v2\/pages"}],"about":[{"href":"https:\/\/www.photostory.dk\/index.php?rest_route=\/wp\/v2\/types\/page"}],"author":[{"embeddable":true,"href":"https:\/\/www.photostory.dk\/index.php?rest_route=\/wp\/v2\/users\/1"}],"replies":[{"embeddable":true,"href":"https:\/\/www.photostory.dk\/index.php?rest_route=%2Fwp%2Fv2%2Fcomments&post=1282"}],"version-history":[{"count":7,"href":"https:\/\/www.photostory.dk\/index.php?rest_route=\/wp\/v2\/pages\/1282\/revisions"}],"predecessor-version":[{"id":1667,"href":"https:\/\/www.photostory.dk\/index.php?rest_route=\/wp\/v2\/pages\/1282\/revisions\/1667"}],"wp:attachment":[{"href":"https:\/\/www.photostory.dk\/index.php?rest_route=%2Fwp%2Fv2%2Fmedia&parent=1282"}],"curies":[{"name":"wp","href":"https:\/\/api.w.org\/{rel}","templated":true}]}}