{"id":126,"date":"2016-12-19T16:23:52","date_gmt":"2016-12-19T16:23:52","guid":{"rendered":"http:\/\/photostory.dk\/?page_id=126"},"modified":"2017-01-15T11:57:44","modified_gmt":"2017-01-15T11:57:44","slug":"nyside1","status":"publish","type":"page","link":"https:\/\/www.photostory.dk\/?page_id=126","title":{"rendered":"\u00d8erne"},"content":{"rendered":"<ul>\n<li><a href=\"http:\/\/photostory.dk\/?page_id=1219\">Gunhilds Bjerg p\u00e5 M\u00f8n<\/a><\/li>\n<li><a href=\"http:\/\/photostory.dk\/?page_id=1282\">M\u00f8ns Klint- et enest\u00e5ende naturomr\u00e5de i Danmark<\/a><\/li>\n<\/ul>\n","protected":false},"excerpt":{"rendered":"<p>Gunhilds Bjerg p\u00e5 M\u00f8n M\u00f8ns Klint- et enest\u00e5ende naturomr\u00e5de i Danmark<\/p>\n","protected":false},"author":1,"featured_media":0,"parent":0,"menu_order":0,"comment_status":"closed","ping_status":"closed","template":"","meta":[],"_links":{"self":[{"href":"https:\/\/www.photostory.dk\/index.php?rest_route=\/wp\/v2\/pages\/126"}],"collection":[{"href":"https:\/\/www.photostory.dk\/index.php?rest_route=\/wp\/v2\/pages"}],"about":[{"href":"https:\/\/www.photostory.dk\/index.php?rest_route=\/wp\/v2\/types\/page"}],"author":[{"embeddable":true,"href":"https:\/\/www.photostory.dk\/index.php?rest_route=\/wp\/v2\/users\/1"}],"replies":[{"embeddable":true,"href":"https:\/\/www.photostory.dk\/index.php?rest_route=%2Fwp%2Fv2%2Fcomments&post=126"}],"version-history":[{"count":5,"href":"https:\/\/www.photostory.dk\/index.php?rest_route=\/wp\/v2\/pages\/126\/revisions"}],"predecessor-version":[{"id":1670,"href":"https:\/\/www.photostory.dk\/index.php?rest_route=\/wp\/v2\/pages\/126\/revisions\/1670"}],"wp:attachment":[{"href":"https:\/\/www.photostory.dk\/index.php?rest_route=%2Fwp%2Fv2%2Fmedia&parent=126"}],"curies":[{"name":"wp","href":"https:\/\/api.w.org\/{rel}","templated":true}]}}