{"id":1219,"date":"2017-01-04T13:54:39","date_gmt":"2017-01-04T13:54:39","guid":{"rendered":"http:\/\/photostory.dk\/?page_id=1219"},"modified":"2017-10-18T16:57:27","modified_gmt":"2017-10-18T16:57:27","slug":"gunhils-bjerg-paa-moen","status":"publish","type":"page","link":"https:\/\/www.photostory.dk\/?page_id=1219","title":{"rendered":"Gunhilds Bjerg p\u00e5 M\u00f8n"},"content":{"rendered":"<p><a href=\"http:\/\/photostory.dk\/wp-content\/uploads\/2017\/01\/99761-003.jpg\"><img decoding=\"async\" loading=\"lazy\" class=\"wp-image-1221 aligncenter\" src=\"http:\/\/photostory.dk\/wp-content\/uploads\/2017\/01\/99761-003-1024x768.jpg\" width=\"590\" height=\"443\" srcset=\"https:\/\/www.photostory.dk\/wp-content\/uploads\/2017\/01\/99761-003-1024x768.jpg 1024w, https:\/\/www.photostory.dk\/wp-content\/uploads\/2017\/01\/99761-003-293x220.jpg 293w, https:\/\/www.photostory.dk\/wp-content\/uploads\/2017\/01\/99761-003-768x576.jpg 768w\" sizes=\"(max-width: 590px) 100vw, 590px\" \/><\/a><\/p>\n<p style=\"text-align: left;\">Vintermotiv fra Gunhilsbjerg p\u00e5 M\u00f8n. Foto Henrik Bj\u00f8rnsten.\u00a0Gunhilds Bjerg skulle v\u00e6re opkaldt efter den svenske heks, Gunhild.<\/p>\n<p><a href=\"http:\/\/photostory.dk\/wp-content\/uploads\/2017\/01\/99887-009a.jpg\"><img decoding=\"async\" loading=\"lazy\" class=\"alignnone wp-image-1220\" src=\"http:\/\/photostory.dk\/wp-content\/uploads\/2017\/01\/99887-009a.jpg\" width=\"590\" height=\"443\" srcset=\"https:\/\/www.photostory.dk\/wp-content\/uploads\/2017\/01\/99887-009a.jpg 800w, https:\/\/www.photostory.dk\/wp-content\/uploads\/2017\/01\/99887-009a-293x220.jpg 293w, https:\/\/www.photostory.dk\/wp-content\/uploads\/2017\/01\/99887-009a-768x576.jpg 768w\" sizes=\"(max-width: 590px) 100vw, 590px\" \/><\/a><\/p>\n<p style=\"text-align: left;\">Sommermotiv fra Gunhildsbjerg p\u00e5 M\u00f8n. Foto Henrik Bj\u00f8rnsten<\/p>\n","protected":false},"excerpt":{"rendered":"<p>Vintermotiv fra Gunhilsbjerg p\u00e5 M\u00f8n. Foto Henrik Bj\u00f8rnsten.\u00a0Gunhilds Bjerg skulle v\u00e6re opkaldt efter den svenske heks, Gunhild. Sommermotiv fra Gunhildsbjerg p\u00e5 M\u00f8n. Foto Henrik Bj\u00f8rnsten<\/p>\n","protected":false},"author":1,"featured_media":0,"parent":0,"menu_order":0,"comment_status":"closed","ping_status":"closed","template":"","meta":[],"_links":{"self":[{"href":"https:\/\/www.photostory.dk\/index.php?rest_route=\/wp\/v2\/pages\/1219"}],"collection":[{"href":"https:\/\/www.photostory.dk\/index.php?rest_route=\/wp\/v2\/pages"}],"about":[{"href":"https:\/\/www.photostory.dk\/index.php?rest_route=\/wp\/v2\/types\/page"}],"author":[{"embeddable":true,"href":"https:\/\/www.photostory.dk\/index.php?rest_route=\/wp\/v2\/users\/1"}],"replies":[{"embeddable":true,"href":"https:\/\/www.photostory.dk\/index.php?rest_route=%2Fwp%2Fv2%2Fcomments&post=1219"}],"version-history":[{"count":8,"href":"https:\/\/www.photostory.dk\/index.php?rest_route=\/wp\/v2\/pages\/1219\/revisions"}],"predecessor-version":[{"id":3895,"href":"https:\/\/www.photostory.dk\/index.php?rest_route=\/wp\/v2\/pages\/1219\/revisions\/3895"}],"wp:attachment":[{"href":"https:\/\/www.photostory.dk\/index.php?rest_route=%2Fwp%2Fv2%2Fmedia&parent=1219"}],"curies":[{"name":"wp","href":"https:\/\/api.w.org\/{rel}","templated":true}]}}