{"id":1187,"date":"2017-01-04T13:03:23","date_gmt":"2017-01-04T13:03:23","guid":{"rendered":"http:\/\/photostory.dk\/?page_id=1187"},"modified":"2017-01-04T13:13:13","modified_gmt":"2017-01-04T13:13:13","slug":"holger-danske-i-kasematterne-paa-kronborg-i-helsingoer","status":"publish","type":"page","link":"https:\/\/www.photostory.dk\/?page_id=1187","title":{"rendered":"Holger Danske i kasematterne p\u00e5 Kronborg i Helsing\u00f8r"},"content":{"rendered":"<p><a href=\"http:\/\/photostory.dk\/wp-content\/uploads\/2017\/01\/holger-danske-1-001.jpg\"><img decoding=\"async\" loading=\"lazy\" class=\"alignnone size-large wp-image-1189\" src=\"http:\/\/photostory.dk\/wp-content\/uploads\/2017\/01\/holger-danske-1-001-1024x719.jpg\" alt=\"\" width=\"660\" height=\"463\" srcset=\"https:\/\/www.photostory.dk\/wp-content\/uploads\/2017\/01\/holger-danske-1-001.jpg 1024w, https:\/\/www.photostory.dk\/wp-content\/uploads\/2017\/01\/holger-danske-1-001-295x207.jpg 295w, https:\/\/www.photostory.dk\/wp-content\/uploads\/2017\/01\/holger-danske-1-001-768x539.jpg 768w\" sizes=\"(max-width: 660px) 100vw, 660px\" \/><\/a><\/p>\n<p style=\"text-align: center;\">Holger Danske i kasematterne p\u00e5 Kronborg i Helsing\u00f8r<\/p>\n<p><strong>Historien om Holger Danske<\/strong><\/p>\n<p>Holger Danske sidder i de m\u00f8rke kasematter p\u00e5 Kronborg Slot i Helsing\u00f8r. Han sidder med sit sv\u00e6rd og armene over kors og sidder parat til at m\u00f8de fjenden. Myten om Holger Danske er, at n\u00e5r riget trues af en ydre fjende, s\u00e5 vil Holger Danske rejse sig og stenfiguren vil blive til k\u00f8d og blod og g\u00e5 i forsvar for f\u00e6drelandet.<\/p>\n<p><a href=\"http:\/\/photostory.dk\/wp-content\/uploads\/2017\/01\/holger-danske-2-001.jpg\"><img decoding=\"async\" loading=\"lazy\" class=\"wp-image-1190 alignleft\" src=\"http:\/\/photostory.dk\/wp-content\/uploads\/2017\/01\/holger-danske-2-001.jpg\" width=\"295\" height=\"440\" srcset=\"https:\/\/www.photostory.dk\/wp-content\/uploads\/2017\/01\/holger-danske-2-001.jpg 686w, https:\/\/www.photostory.dk\/wp-content\/uploads\/2017\/01\/holger-danske-2-001-147x220.jpg 147w\" sizes=\"(max-width: 295px) 100vw, 295px\" \/><\/a>\u00a0<a href=\"http:\/\/photostory.dk\/wp-content\/uploads\/2017\/01\/helsingoer080907-192-001.jpg\"><img decoding=\"async\" loading=\"lazy\" class=\"wp-image-1188 alignleft\" src=\"http:\/\/photostory.dk\/wp-content\/uploads\/2017\/01\/helsingoer080907-192-001.jpg\" width=\"295\" height=\"440\" srcset=\"https:\/\/www.photostory.dk\/wp-content\/uploads\/2017\/01\/helsingoer080907-192-001.jpg 686w, https:\/\/www.photostory.dk\/wp-content\/uploads\/2017\/01\/helsingoer080907-192-001-147x220.jpg 147w\" sizes=\"(max-width: 295px) 100vw, 295px\" \/><\/a><\/p>\n<p>Holger Danske er en dansk sagnhelt og beretningerne om hans oprindelse g\u00e5r tilbage til den franske sagnkreds i det 12. \u00e5rhundrede. Holger Danske skildres som en opr\u00f8rsk vasal og eventyrlig korstogsridder.\u00a0Ridderligheden over kvinden, der kom til udtryk i den \u00e6ldste af vore to Holgerviser: Holger Danske og Burmand. Holger Danske f\u00f8les ved navn og f\u00e6rd som fork\u00e6mper for dannernes \u00e6re. N\u00e6ste trin er at lade ham k\u00e6mpe for selve Danmarks uafh\u00e6ngighed, som det sker i visen om St\u00e6k Didrik og Holger Danske, hvis nationale tendens tyder p\u00e5 det 16. \u00e5rhundrede.<\/p>\n<p>Med den er Holger Danske fastsl\u00e5et som dansk national helt. I Holger Danske sagnene giver folketroen ham plads i huler og lignende, hvorfra han kommer frem for at frelse Danmark i n\u00f8dens time.\u00a0I den nordisk litteratur dukker Holger Danske op i et kvad, der er inspireret af det franske, f\u00f8rste gang i Karlemagn\u00fassaga under navnet Oddgeir danski.<\/p>\n<p>Foto: Lars Bj\u00f8rnsten 8. september 2007<\/p>\n","protected":false},"excerpt":{"rendered":"<p>Holger Danske i kasematterne p\u00e5 Kronborg i Helsing\u00f8r Historien om Holger Danske Holger Danske sidder i de m\u00f8rke kasematter p\u00e5 Kronborg Slot i Helsing\u00f8r. Han sidder med sit sv\u00e6rd og armene over kors og sidder parat til at m\u00f8de fjenden. Myten om Holger Danske er, at n\u00e5r riget trues af en ydre fjende, s\u00e5 vil &hellip; <a href=\"https:\/\/www.photostory.dk\/?page_id=1187\" class=\"more-link\">L\u00e6s mere <span class=\"screen-reader-text\">Holger Danske i kasematterne p\u00e5 Kronborg i Helsing\u00f8r<\/span><\/a><\/p>\n","protected":false},"author":1,"featured_media":0,"parent":0,"menu_order":0,"comment_status":"closed","ping_status":"closed","template":"","meta":[],"_links":{"self":[{"href":"https:\/\/www.photostory.dk\/index.php?rest_route=\/wp\/v2\/pages\/1187"}],"collection":[{"href":"https:\/\/www.photostory.dk\/index.php?rest_route=\/wp\/v2\/pages"}],"about":[{"href":"https:\/\/www.photostory.dk\/index.php?rest_route=\/wp\/v2\/types\/page"}],"author":[{"embeddable":true,"href":"https:\/\/www.photostory.dk\/index.php?rest_route=\/wp\/v2\/users\/1"}],"replies":[{"embeddable":true,"href":"https:\/\/www.photostory.dk\/index.php?rest_route=%2Fwp%2Fv2%2Fcomments&post=1187"}],"version-history":[{"count":15,"href":"https:\/\/www.photostory.dk\/index.php?rest_route=\/wp\/v2\/pages\/1187\/revisions"}],"predecessor-version":[{"id":1214,"href":"https:\/\/www.photostory.dk\/index.php?rest_route=\/wp\/v2\/pages\/1187\/revisions\/1214"}],"wp:attachment":[{"href":"https:\/\/www.photostory.dk\/index.php?rest_route=%2Fwp%2Fv2%2Fmedia&parent=1187"}],"curies":[{"name":"wp","href":"https:\/\/api.w.org\/{rel}","templated":true}]}}