{"id":1183,"date":"2017-01-04T12:31:39","date_gmt":"2017-01-04T12:31:39","guid":{"rendered":"http:\/\/photostory.dk\/?page_id=1183"},"modified":"2017-01-04T12:31:39","modified_gmt":"2017-01-04T12:31:39","slug":"en-af-de-smukke-faeroeske-fjorde-en-sommerdag-i-1981","status":"publish","type":"page","link":"https:\/\/www.photostory.dk\/?page_id=1183","title":{"rendered":"En af de smukke f\u00e6r\u00f8ske fjorde en sommerdag i 1981"},"content":{"rendered":"<p><a href=\"http:\/\/photostory.dk\/wp-content\/uploads\/2016\/12\/F\u00e6r\u00f8erne-sommer-1981.jpg\"><img decoding=\"async\" loading=\"lazy\" class=\"size-full wp-image-747 aligncenter\" src=\"http:\/\/photostory.dk\/wp-content\/uploads\/2016\/12\/F\u00e6r\u00f8erne-sommer-1981.jpg\" alt=\"\" width=\"864\" height=\"590\" srcset=\"https:\/\/www.photostory.dk\/wp-content\/uploads\/2016\/12\/F\u00e6r\u00f8erne-sommer-1981.jpg 864w, https:\/\/www.photostory.dk\/wp-content\/uploads\/2016\/12\/F\u00e6r\u00f8erne-sommer-1981-295x201.jpg 295w, https:\/\/www.photostory.dk\/wp-content\/uploads\/2016\/12\/F\u00e6r\u00f8erne-sommer-1981-768x524.jpg 768w\" sizes=\"(max-width: 864px) 100vw, 864px\" \/><\/a><\/p>\n<p style=\"text-align: center;\">F\u00e6r\u00f8erne sommeren 1981<\/p>\n<p style=\"text-align: center;\">En af de smukke f\u00e6r\u00f8ske fjorde en sommerdag i 1981<\/p>\n","protected":false},"excerpt":{"rendered":"<p>F\u00e6r\u00f8erne sommeren 1981 En af de smukke f\u00e6r\u00f8ske fjorde en sommerdag i 1981<\/p>\n","protected":false},"author":1,"featured_media":0,"parent":743,"menu_order":1,"comment_status":"closed","ping_status":"closed","template":"","meta":[],"_links":{"self":[{"href":"https:\/\/www.photostory.dk\/index.php?rest_route=\/wp\/v2\/pages\/1183"}],"collection":[{"href":"https:\/\/www.photostory.dk\/index.php?rest_route=\/wp\/v2\/pages"}],"about":[{"href":"https:\/\/www.photostory.dk\/index.php?rest_route=\/wp\/v2\/types\/page"}],"author":[{"embeddable":true,"href":"https:\/\/www.photostory.dk\/index.php?rest_route=\/wp\/v2\/users\/1"}],"replies":[{"embeddable":true,"href":"https:\/\/www.photostory.dk\/index.php?rest_route=%2Fwp%2Fv2%2Fcomments&post=1183"}],"version-history":[{"count":1,"href":"https:\/\/www.photostory.dk\/index.php?rest_route=\/wp\/v2\/pages\/1183\/revisions"}],"predecessor-version":[{"id":1184,"href":"https:\/\/www.photostory.dk\/index.php?rest_route=\/wp\/v2\/pages\/1183\/revisions\/1184"}],"up":[{"embeddable":true,"href":"https:\/\/www.photostory.dk\/index.php?rest_route=\/wp\/v2\/pages\/743"}],"wp:attachment":[{"href":"https:\/\/www.photostory.dk\/index.php?rest_route=%2Fwp%2Fv2%2Fmedia&parent=1183"}],"curies":[{"name":"wp","href":"https:\/\/api.w.org\/{rel}","templated":true}]}}