{"id":1172,"date":"2017-01-04T12:22:10","date_gmt":"2017-01-04T12:22:10","guid":{"rendered":"http:\/\/photostory.dk\/?page_id=1172"},"modified":"2017-01-04T15:56:50","modified_gmt":"2017-01-04T15:56:50","slug":"den-australske-oerken-set-fra-et-fly-fra-sydney-til-alice-springs","status":"publish","type":"page","link":"https:\/\/www.photostory.dk\/?page_id=1172","title":{"rendered":"Den australske \u00f8rken set fra et fly fra Sydney til Alice Springs"},"content":{"rendered":"<p style=\"text-align: center;\"><a href=\"http:\/\/photostory.dk\/wp-content\/uploads\/2017\/01\/australia-2009.jpg\"><img decoding=\"async\" loading=\"lazy\" class=\"alignnone size-large wp-image-1176\" src=\"http:\/\/photostory.dk\/wp-content\/uploads\/2017\/01\/australia-2009-1024x686.jpg\" alt=\"\" width=\"660\" height=\"442\" srcset=\"https:\/\/www.photostory.dk\/wp-content\/uploads\/2017\/01\/australia-2009.jpg 1024w, https:\/\/www.photostory.dk\/wp-content\/uploads\/2017\/01\/australia-2009-295x198.jpg 295w, https:\/\/www.photostory.dk\/wp-content\/uploads\/2017\/01\/australia-2009-768x515.jpg 768w\" sizes=\"(max-width: 660px) 100vw, 660px\" \/><\/a><\/p>\n<p style=\"text-align: center;\"><strong>\u00d8rkenen den 6. november 2009. Foto Lars Bj\u00f8rnsten Odense<\/strong><\/p>\n<p style=\"text-align: left;\">Den australske \u00f8rken set fra et fly fra Sydney til Alice Springs.\u00a0En del af den australske \u00f8rken kaldet Simpson Desert, som er et stort omr\u00e5de af t\u00f8rre, r\u00f8de sandede almindeligt og klitter i Northern Territory , South Australia og Queensland i det centrale Australien.<\/p>\n<p style=\"text-align: left;\">Det er den fjerde st\u00f8rste australske \u00f8rken, med et areal p\u00e5 176.500 km2 og er verdens st\u00f8rste sandklit \u00f8rken.<\/p>\n","protected":false},"excerpt":{"rendered":"<p>\u00d8rkenen den 6. november 2009. Foto Lars Bj\u00f8rnsten Odense Den australske \u00f8rken set fra et fly fra Sydney til Alice Springs.\u00a0En del af den australske \u00f8rken kaldet Simpson Desert, som er et stort omr\u00e5de af t\u00f8rre, r\u00f8de sandede almindeligt og klitter i Northern Territory , South Australia og Queensland i det centrale Australien. Det er &hellip; <a href=\"https:\/\/www.photostory.dk\/?page_id=1172\" class=\"more-link\">L\u00e6s mere <span class=\"screen-reader-text\">Den australske \u00f8rken set fra et fly fra Sydney til Alice Springs<\/span><\/a><\/p>\n","protected":false},"author":1,"featured_media":0,"parent":0,"menu_order":0,"comment_status":"closed","ping_status":"closed","template":"","meta":[],"_links":{"self":[{"href":"https:\/\/www.photostory.dk\/index.php?rest_route=\/wp\/v2\/pages\/1172"}],"collection":[{"href":"https:\/\/www.photostory.dk\/index.php?rest_route=\/wp\/v2\/pages"}],"about":[{"href":"https:\/\/www.photostory.dk\/index.php?rest_route=\/wp\/v2\/types\/page"}],"author":[{"embeddable":true,"href":"https:\/\/www.photostory.dk\/index.php?rest_route=\/wp\/v2\/users\/1"}],"replies":[{"embeddable":true,"href":"https:\/\/www.photostory.dk\/index.php?rest_route=%2Fwp%2Fv2%2Fcomments&post=1172"}],"version-history":[{"count":3,"href":"https:\/\/www.photostory.dk\/index.php?rest_route=\/wp\/v2\/pages\/1172\/revisions"}],"predecessor-version":[{"id":1233,"href":"https:\/\/www.photostory.dk\/index.php?rest_route=\/wp\/v2\/pages\/1172\/revisions\/1233"}],"wp:attachment":[{"href":"https:\/\/www.photostory.dk\/index.php?rest_route=%2Fwp%2Fv2%2Fmedia&parent=1172"}],"curies":[{"name":"wp","href":"https:\/\/api.w.org\/{rel}","templated":true}]}}