{"id":1132,"date":"2017-01-04T07:23:01","date_gmt":"2017-01-04T07:23:01","guid":{"rendered":"http:\/\/photostory.dk\/?page_id=1132"},"modified":"2017-01-04T07:25:50","modified_gmt":"2017-01-04T07:25:50","slug":"1132-2","status":"publish","type":"page","link":"https:\/\/www.photostory.dk\/?page_id=1132","title":{"rendered":"Gourdon ved Gorges du Loup France"},"content":{"rendered":"<p style=\"text-align: center;\"><a href=\"http:\/\/photostory.dk\/wp-content\/uploads\/2017\/01\/gourdon-france.jpg\"><img decoding=\"async\" loading=\"lazy\" class=\"alignnone size-large wp-image-1133\" src=\"http:\/\/photostory.dk\/wp-content\/uploads\/2017\/01\/gourdon-france-1024x685.jpg\" alt=\"\" width=\"660\" height=\"442\" srcset=\"https:\/\/www.photostory.dk\/wp-content\/uploads\/2017\/01\/gourdon-france-1024x685.jpg 1024w, https:\/\/www.photostory.dk\/wp-content\/uploads\/2017\/01\/gourdon-france-295x197.jpg 295w, https:\/\/www.photostory.dk\/wp-content\/uploads\/2017\/01\/gourdon-france-768x514.jpg 768w\" sizes=\"(max-width: 660px) 100vw, 660px\" \/><\/a><\/p>\n<p><strong>Middelalderbyen Gourdon<\/strong><\/p>\n<p>Middelalderbyen Gourdon ligger p\u00e5 et klippefremspring i ca. 760 meter h\u00f8jde ved Gorges du Loup. Gourdon er en lille, charmerende by med smukke gamle huse og gader.<\/p>\n<p>Byen bes\u00f8ges hvert \u00e5r af over 1. million turister og har mange sm\u00e5 charmende butikker og kunstnere . Der s\u00e6lges produkter fra bl.a. Provence f.eks malerier, keramik, glaskunst, silkemalerier, parfumer, s\u00e6ber, h\u00e5ndarbejder og stoffer med de klassiske m\u00f8nstre og farver fra egnen. Desuden er der restauranter, der har specielle egnsretter og vine p\u00e5 menuen. Der er udsigt udover Middelhavet og der er ca. 37 km fra Nice C\u00f4te d&#8217;Azur Airport. Man kan komme til Gourdon ad snoede veje via Grasse og Chateauneuf.<\/p>\n<p><a href=\"http:\/\/photostory.dk\/wp-content\/uploads\/2017\/01\/gourdon-france.jpg\"><img decoding=\"async\" loading=\"lazy\" class=\"alignleft wp-image-1133 size-medium\" src=\"http:\/\/photostory.dk\/wp-content\/uploads\/2017\/01\/gourdon-france-295x197.jpg\" width=\"295\" height=\"197\" srcset=\"https:\/\/www.photostory.dk\/wp-content\/uploads\/2017\/01\/gourdon-france-295x197.jpg 295w, https:\/\/www.photostory.dk\/wp-content\/uploads\/2017\/01\/gourdon-france-768x514.jpg 768w, https:\/\/www.photostory.dk\/wp-content\/uploads\/2017\/01\/gourdon-france-1024x685.jpg 1024w\" sizes=\"(max-width: 295px) 100vw, 295px\" \/><\/a> <a href=\"http:\/\/photostory.dk\/wp-content\/uploads\/2017\/01\/gourdon-france-2009.jpg\"><img decoding=\"async\" loading=\"lazy\" class=\"size-medium wp-image-1140 alignleft\" src=\"http:\/\/photostory.dk\/wp-content\/uploads\/2017\/01\/gourdon-france-2009-295x198.jpg\" alt=\"\" width=\"295\" height=\"198\" srcset=\"https:\/\/www.photostory.dk\/wp-content\/uploads\/2017\/01\/gourdon-france-2009-295x198.jpg 295w, https:\/\/www.photostory.dk\/wp-content\/uploads\/2017\/01\/gourdon-france-2009-768x515.jpg 768w, https:\/\/www.photostory.dk\/wp-content\/uploads\/2017\/01\/gourdon-france-2009.jpg 1024w\" sizes=\"(max-width: 295px) 100vw, 295px\" \/><\/a><\/p>\n<p><a href=\"http:\/\/photostory.dk\/wp-content\/uploads\/2017\/01\/gourdon-france-2010.jpg\"><img decoding=\"async\" loading=\"lazy\" class=\"size-medium wp-image-1141 alignleft\" src=\"http:\/\/photostory.dk\/wp-content\/uploads\/2017\/01\/gourdon-france-2010-295x198.jpg\" alt=\"\" width=\"295\" height=\"198\" srcset=\"https:\/\/www.photostory.dk\/wp-content\/uploads\/2017\/01\/gourdon-france-2010-295x198.jpg 295w, https:\/\/www.photostory.dk\/wp-content\/uploads\/2017\/01\/gourdon-france-2010-768x515.jpg 768w, https:\/\/www.photostory.dk\/wp-content\/uploads\/2017\/01\/gourdon-france-2010.jpg 1024w\" sizes=\"(max-width: 295px) 100vw, 295px\" \/><\/a> <a href=\"http:\/\/photostory.dk\/wp-content\/uploads\/2017\/01\/gourdon-france-2011.jpg\"><img decoding=\"async\" loading=\"lazy\" class=\"size-medium wp-image-1142 alignleft\" src=\"http:\/\/photostory.dk\/wp-content\/uploads\/2017\/01\/gourdon-france-2011-295x198.jpg\" alt=\"\" width=\"295\" height=\"198\" srcset=\"https:\/\/www.photostory.dk\/wp-content\/uploads\/2017\/01\/gourdon-france-2011-295x198.jpg 295w, https:\/\/www.photostory.dk\/wp-content\/uploads\/2017\/01\/gourdon-france-2011-768x515.jpg 768w, https:\/\/www.photostory.dk\/wp-content\/uploads\/2017\/01\/gourdon-france-2011.jpg 1024w\" sizes=\"(max-width: 295px) 100vw, 295px\" \/><\/a><\/p>\n<p><a href=\"http:\/\/photostory.dk\/wp-content\/uploads\/2017\/01\/gourdon-france-2012.jpg\"><img decoding=\"async\" loading=\"lazy\" class=\"size-medium wp-image-1143 alignleft\" src=\"http:\/\/photostory.dk\/wp-content\/uploads\/2017\/01\/gourdon-france-2012-295x198.jpg\" alt=\"\" width=\"295\" height=\"198\" srcset=\"https:\/\/www.photostory.dk\/wp-content\/uploads\/2017\/01\/gourdon-france-2012-295x198.jpg 295w, https:\/\/www.photostory.dk\/wp-content\/uploads\/2017\/01\/gourdon-france-2012-768x515.jpg 768w, https:\/\/www.photostory.dk\/wp-content\/uploads\/2017\/01\/gourdon-france-2012.jpg 1024w\" sizes=\"(max-width: 295px) 100vw, 295px\" \/><\/a> <a href=\"http:\/\/photostory.dk\/wp-content\/uploads\/2017\/01\/gourdon-france-2016.jpg\"><img decoding=\"async\" loading=\"lazy\" class=\"size-medium wp-image-1144 alignleft\" src=\"http:\/\/photostory.dk\/wp-content\/uploads\/2017\/01\/gourdon-france-2016-295x198.jpg\" alt=\"\" width=\"295\" height=\"198\" srcset=\"https:\/\/www.photostory.dk\/wp-content\/uploads\/2017\/01\/gourdon-france-2016-295x198.jpg 295w, https:\/\/www.photostory.dk\/wp-content\/uploads\/2017\/01\/gourdon-france-2016-768x515.jpg 768w, https:\/\/www.photostory.dk\/wp-content\/uploads\/2017\/01\/gourdon-france-2016.jpg 1024w\" sizes=\"(max-width: 295px) 100vw, 295px\" \/><\/a><\/p>\n<p style=\"text-align: center;\">Foto: Lars Bj\u00f8rnsten Odense 2007<\/p>\n","protected":false},"excerpt":{"rendered":"<p>Middelalderbyen Gourdon Middelalderbyen Gourdon ligger p\u00e5 et klippefremspring i ca. 760 meter h\u00f8jde ved Gorges du Loup. Gourdon er en lille, charmerende by med smukke gamle huse og gader. Byen bes\u00f8ges hvert \u00e5r af over 1. million turister og har mange sm\u00e5 charmende butikker og kunstnere . Der s\u00e6lges produkter fra bl.a. Provence f.eks malerier, &hellip; <a href=\"https:\/\/www.photostory.dk\/?page_id=1132\" class=\"more-link\">L\u00e6s mere <span class=\"screen-reader-text\">Gourdon ved Gorges du Loup France<\/span><\/a><\/p>\n","protected":false},"author":1,"featured_media":0,"parent":0,"menu_order":0,"comment_status":"closed","ping_status":"closed","template":"","meta":[],"_links":{"self":[{"href":"https:\/\/www.photostory.dk\/index.php?rest_route=\/wp\/v2\/pages\/1132"}],"collection":[{"href":"https:\/\/www.photostory.dk\/index.php?rest_route=\/wp\/v2\/pages"}],"about":[{"href":"https:\/\/www.photostory.dk\/index.php?rest_route=\/wp\/v2\/types\/page"}],"author":[{"embeddable":true,"href":"https:\/\/www.photostory.dk\/index.php?rest_route=\/wp\/v2\/users\/1"}],"replies":[{"embeddable":true,"href":"https:\/\/www.photostory.dk\/index.php?rest_route=%2Fwp%2Fv2%2Fcomments&post=1132"}],"version-history":[{"count":5,"href":"https:\/\/www.photostory.dk\/index.php?rest_route=\/wp\/v2\/pages\/1132\/revisions"}],"predecessor-version":[{"id":1150,"href":"https:\/\/www.photostory.dk\/index.php?rest_route=\/wp\/v2\/pages\/1132\/revisions\/1150"}],"wp:attachment":[{"href":"https:\/\/www.photostory.dk\/index.php?rest_route=%2Fwp%2Fv2%2Fmedia&parent=1132"}],"curies":[{"name":"wp","href":"https:\/\/api.w.org\/{rel}","templated":true}]}}