{"id":1102,"date":"2017-01-04T07:00:16","date_gmt":"2017-01-04T07:00:16","guid":{"rendered":"http:\/\/photostory.dk\/?page_id=1102"},"modified":"2017-01-04T07:01:04","modified_gmt":"2017-01-04T07:01:04","slug":"sandsend-ved-whitby-i-north-yorkshire-england","status":"publish","type":"page","link":"https:\/\/www.photostory.dk\/?page_id=1102","title":{"rendered":"Sandsend ved Whitby i North Yorkshire England"},"content":{"rendered":"<p><a href=\"http:\/\/photostory.dk\/wp-content\/uploads\/2017\/01\/england-paaske-2010-745.jpg\"><img decoding=\"async\" loading=\"lazy\" class=\"alignnone size-large wp-image-1099\" src=\"http:\/\/photostory.dk\/wp-content\/uploads\/2017\/01\/england-paaske-2010-712-1024x685.jpg\" alt=\"\" width=\"660\" height=\"442\" srcset=\"https:\/\/www.photostory.dk\/wp-content\/uploads\/2017\/01\/england-paaske-2010-712-1024x685.jpg 1024w, https:\/\/www.photostory.dk\/wp-content\/uploads\/2017\/01\/england-paaske-2010-712-295x197.jpg 295w, https:\/\/www.photostory.dk\/wp-content\/uploads\/2017\/01\/england-paaske-2010-712-768x514.jpg 768w\" sizes=\"(max-width: 660px) 100vw, 660px\" \/><\/a><\/p>\n<p>Sandsend (Whitby).\u00a0Sandsend er en lille fiskerby nord for og t\u00e6t ved Whitby i North Yorkshire. I dag lever folk prim\u00e6rt af turisme. Der er en lille samfund med en strand, hotel, restauranter og kunstnere beliggende i en en sk\u00f8n natur ved kysten.<\/p>\n<p><img decoding=\"async\" loading=\"lazy\" class=\"alignnone size-large wp-image-1103\" src=\"http:\/\/photostory.dk\/wp-content\/uploads\/2017\/01\/england-paaske-2010-745-1024x685.jpg\" alt=\"\" width=\"660\" height=\"442\" srcset=\"https:\/\/www.photostory.dk\/wp-content\/uploads\/2017\/01\/england-paaske-2010-745-1024x685.jpg 1024w, https:\/\/www.photostory.dk\/wp-content\/uploads\/2017\/01\/england-paaske-2010-745-295x197.jpg 295w, https:\/\/www.photostory.dk\/wp-content\/uploads\/2017\/01\/england-paaske-2010-745-768x514.jpg 768w\" sizes=\"(max-width: 660px) 100vw, 660px\" \/><\/p>\n<p style=\"text-align: center;\">Sandsend. Foto: Lars Bj\u00f8rnsten Odense 2010<\/p>\n","protected":false},"excerpt":{"rendered":"<p>Sandsend (Whitby).\u00a0Sandsend er en lille fiskerby nord for og t\u00e6t ved Whitby i North Yorkshire. I dag lever folk prim\u00e6rt af turisme. Der er en lille samfund med en strand, hotel, restauranter og kunstnere beliggende i en en sk\u00f8n natur ved kysten. Sandsend. Foto: Lars Bj\u00f8rnsten Odense 2010<\/p>\n","protected":false},"author":1,"featured_media":0,"parent":0,"menu_order":0,"comment_status":"closed","ping_status":"closed","template":"","meta":[],"_links":{"self":[{"href":"https:\/\/www.photostory.dk\/index.php?rest_route=\/wp\/v2\/pages\/1102"}],"collection":[{"href":"https:\/\/www.photostory.dk\/index.php?rest_route=\/wp\/v2\/pages"}],"about":[{"href":"https:\/\/www.photostory.dk\/index.php?rest_route=\/wp\/v2\/types\/page"}],"author":[{"embeddable":true,"href":"https:\/\/www.photostory.dk\/index.php?rest_route=\/wp\/v2\/users\/1"}],"replies":[{"embeddable":true,"href":"https:\/\/www.photostory.dk\/index.php?rest_route=%2Fwp%2Fv2%2Fcomments&post=1102"}],"version-history":[{"count":3,"href":"https:\/\/www.photostory.dk\/index.php?rest_route=\/wp\/v2\/pages\/1102\/revisions"}],"predecessor-version":[{"id":1131,"href":"https:\/\/www.photostory.dk\/index.php?rest_route=\/wp\/v2\/pages\/1102\/revisions\/1131"}],"wp:attachment":[{"href":"https:\/\/www.photostory.dk\/index.php?rest_route=%2Fwp%2Fv2%2Fmedia&parent=1102"}],"curies":[{"name":"wp","href":"https:\/\/api.w.org\/{rel}","templated":true}]}}