{"id":1084,"date":"2017-01-03T16:33:21","date_gmt":"2017-01-03T16:33:21","guid":{"rendered":"http:\/\/photostory.dk\/?page_id=1084"},"modified":"2017-01-03T16:33:21","modified_gmt":"2017-01-03T16:33:21","slug":"forord-om-karlslunde-foer-og-nu-og-lidt-om-fremtiden","status":"publish","type":"page","link":"https:\/\/www.photostory.dk\/?page_id=1084","title":{"rendered":"Forord om &#8220;Karlslunde f\u00f8r og nu og lidt om fremtiden&#8221;"},"content":{"rendered":"<p><a href=\"http:\/\/photostory.dk\/wp-content\/uploads\/2017\/01\/lb_0004_small.jpg\"><img decoding=\"async\" loading=\"lazy\" class=\"wp-image-1085 alignleft\" src=\"http:\/\/photostory.dk\/wp-content\/uploads\/2017\/01\/lb_0004_small.jpg\" width=\"300\" height=\"427\" srcset=\"https:\/\/www.photostory.dk\/wp-content\/uploads\/2017\/01\/lb_0004_small.jpg 550w, https:\/\/www.photostory.dk\/wp-content\/uploads\/2017\/01\/lb_0004_small-155x220.jpg 155w\" sizes=\"(max-width: 300px) 100vw, 300px\" \/><\/a>\u00bbKarlslunde f\u00f8r og nu &#8211; og lidt om fremtiden\u00ab<\/p>\n<p>Forord. H\u00e6ftet handler om Karlslunde f\u00f8r og nu og lidt om fremtiden. Vi vil gerne skrive om det, fordi vi syntes, at det er sp\u00e6ndende, hvordan der har set ud og hvordan der kommer til at se ud i fremtiden. vi begyndte med at tegne forretninger og meget mere. Bagefter skrev vi om det vi havde tegnet. Vi fik oplysningerne fra folk, der boede i husene, fra vores for\u00e6ldre og noget har vi selv fundet ud af . Vi h\u00e5ber at I syntes at h\u00e6ftet er godt og at det der st\u00e5r i h\u00e6ftet vil interessere jer.<\/p>\n<p>Venlig hilsen eleverne i 4b p\u00e5 Karlslunde skole i 1981<br \/>\nNB: Vores orienteringsl\u00e6rer Lars Bj\u00f8rnsten har hjulpet os med arbejdet.<\/p>\n<p>\u00bbKarlslunde f\u00f8r og nu &#8211; og lidt om fremtiden\u00ab er titlen p\u00e5 et undervisningsforl\u00f8b, som en 4. klasse med stor dygtighed udf\u00f8rte p\u00e5 Karlslunde Skole i Greve Kommune i slutningen af \u00e5ret 1981. Se mere om undervisningsforl\u00f8bet <a href=\"http:\/\/photostory.dk\/?page_id=297\">her!<\/a><\/p>\n","protected":false},"excerpt":{"rendered":"<p>\u00bbKarlslunde f\u00f8r og nu &#8211; og lidt om fremtiden\u00ab Forord. H\u00e6ftet handler om Karlslunde f\u00f8r og nu og lidt om fremtiden. Vi vil gerne skrive om det, fordi vi syntes, at det er sp\u00e6ndende, hvordan der har set ud og hvordan der kommer til at se ud i fremtiden. vi begyndte med at tegne forretninger &hellip; <a href=\"https:\/\/www.photostory.dk\/?page_id=1084\" class=\"more-link\">L\u00e6s mere <span class=\"screen-reader-text\">Forord om &#8220;Karlslunde f\u00f8r og nu og lidt om fremtiden&#8221;<\/span><\/a><\/p>\n","protected":false},"author":1,"featured_media":0,"parent":0,"menu_order":0,"comment_status":"closed","ping_status":"closed","template":"","meta":[],"_links":{"self":[{"href":"https:\/\/www.photostory.dk\/index.php?rest_route=\/wp\/v2\/pages\/1084"}],"collection":[{"href":"https:\/\/www.photostory.dk\/index.php?rest_route=\/wp\/v2\/pages"}],"about":[{"href":"https:\/\/www.photostory.dk\/index.php?rest_route=\/wp\/v2\/types\/page"}],"author":[{"embeddable":true,"href":"https:\/\/www.photostory.dk\/index.php?rest_route=\/wp\/v2\/users\/1"}],"replies":[{"embeddable":true,"href":"https:\/\/www.photostory.dk\/index.php?rest_route=%2Fwp%2Fv2%2Fcomments&post=1084"}],"version-history":[{"count":5,"href":"https:\/\/www.photostory.dk\/index.php?rest_route=\/wp\/v2\/pages\/1084\/revisions"}],"predecessor-version":[{"id":1090,"href":"https:\/\/www.photostory.dk\/index.php?rest_route=\/wp\/v2\/pages\/1084\/revisions\/1090"}],"wp:attachment":[{"href":"https:\/\/www.photostory.dk\/index.php?rest_route=%2Fwp%2Fv2%2Fmedia&parent=1084"}],"curies":[{"name":"wp","href":"https:\/\/api.w.org\/{rel}","templated":true}]}}