{"id":105,"date":"2016-12-18T22:56:15","date_gmt":"2016-12-18T22:56:15","guid":{"rendered":"http:\/\/photostory.dk\/?page_id=105"},"modified":"2017-08-31T12:05:53","modified_gmt":"2017-08-31T12:05:53","slug":"photostory-en-rejse-gennem-historien-i-billeder-og-ord","status":"publish","type":"page","link":"https:\/\/www.photostory.dk\/","title":{"rendered":"PhotoStory &#8211; en rejse gennem historien i billeder og ord"},"content":{"rendered":"<p style=\"text-align: left;\"><a href=\"http:\/\/photostory.dk\/wp-content\/uploads\/2016\/12\/knud-den-hellige-001.jpg\"><img decoding=\"async\" loading=\"lazy\" class=\"size-full wp-image-676 aligncenter\" style=\"border-width: 4px;\" src=\"http:\/\/photostory.dk\/wp-content\/uploads\/2016\/12\/knud-den-hellige-001.jpg\" width=\"534\" height=\"400\" srcset=\"https:\/\/www.photostory.dk\/wp-content\/uploads\/2016\/12\/knud-den-hellige-001.jpg 534w, https:\/\/www.photostory.dk\/wp-content\/uploads\/2016\/12\/knud-den-hellige-001-295x220.jpg 295w\" sizes=\"(max-width: 534px) 100vw, 534px\" \/><\/a><\/p>\n<p style=\"text-align: center;\">PhotoStory &#8211; en rejse gennem historien i billeder og ord<\/p>\n<p style=\"text-align: left;\">PhotoStory.dk er fort\u00e6llinger og oplevelser for vores hverdag igennem tiden. Det kan v\u00e6re interesser eller emner, som man br\u00e6nder for og som man har lyst til at formidle til andre.\u00a0Der sker mange ting i vores lokalomr\u00e5de, regionalt, nationalt og globalt.\u00a0Sitet er opdelt geografisk, dog er der et par ting der fylder meget og dette er: <a href=\"http:\/\/photostory.dk\/?page_id=30\">Odense<\/a>, <a href=\"http:\/\/photostory.dk\/?page_id=280\">Karlslunde<\/a>, <a href=\"http:\/\/photostory.dk\/?page_id=247\">Dansk Vestindien<\/a> og <a href=\"http:\/\/photostory.dk\/?page_id=2234\">Modstandsbev\u00e6gelsen<\/a>.<\/p>\n<p style=\"text-align: left;\">En verden fuld af historier og eventyr fortalt gennem foto og tekst. PhotoStory.dk er hele tiden p\u00e5 rejse og der vil l\u00f8bende blive tilf\u00f8rt nye historier p\u00e5 sitet.<\/p>\n","protected":false},"excerpt":{"rendered":"<p>PhotoStory &#8211; en rejse gennem historien i billeder og ord PhotoStory.dk er fort\u00e6llinger og oplevelser for vores hverdag igennem tiden. Det kan v\u00e6re interesser eller emner, som man br\u00e6nder for og som man har lyst til at formidle til andre.\u00a0Der sker mange ting i vores lokalomr\u00e5de, regionalt, nationalt og globalt.\u00a0Sitet er opdelt geografisk, dog er &hellip; <a href=\"https:\/\/www.photostory.dk\/\" class=\"more-link\">L\u00e6s mere <span class=\"screen-reader-text\">PhotoStory &#8211; en rejse gennem historien i billeder og ord<\/span><\/a><\/p>\n","protected":false},"author":1,"featured_media":0,"parent":0,"menu_order":0,"comment_status":"closed","ping_status":"closed","template":"","meta":[],"_links":{"self":[{"href":"https:\/\/www.photostory.dk\/index.php?rest_route=\/wp\/v2\/pages\/105"}],"collection":[{"href":"https:\/\/www.photostory.dk\/index.php?rest_route=\/wp\/v2\/pages"}],"about":[{"href":"https:\/\/www.photostory.dk\/index.php?rest_route=\/wp\/v2\/types\/page"}],"author":[{"embeddable":true,"href":"https:\/\/www.photostory.dk\/index.php?rest_route=\/wp\/v2\/users\/1"}],"replies":[{"embeddable":true,"href":"https:\/\/www.photostory.dk\/index.php?rest_route=%2Fwp%2Fv2%2Fcomments&post=105"}],"version-history":[{"count":58,"href":"https:\/\/www.photostory.dk\/index.php?rest_route=\/wp\/v2\/pages\/105\/revisions"}],"predecessor-version":[{"id":3888,"href":"https:\/\/www.photostory.dk\/index.php?rest_route=\/wp\/v2\/pages\/105\/revisions\/3888"}],"wp:attachment":[{"href":"https:\/\/www.photostory.dk\/index.php?rest_route=%2Fwp%2Fv2%2Fmedia&parent=105"}],"curies":[{"name":"wp","href":"https:\/\/api.w.org\/{rel}","templated":true}]}}