{"id":1040,"date":"2017-01-03T13:59:33","date_gmt":"2017-01-03T13:59:33","guid":{"rendered":"http:\/\/photostory.dk\/?page_id=1040"},"modified":"2017-01-03T15:22:21","modified_gmt":"2017-01-03T15:22:21","slug":"karlslunde-skole-set-fra-tagene-1981","status":"publish","type":"page","link":"https:\/\/www.photostory.dk\/?page_id=1040","title":{"rendered":"Karlslunde Skole set fra tagene 1981"},"content":{"rendered":"<table>\n<tbody>\n<tr>\n<td><a href=\"http:\/\/photostory.dk\/wp-content\/uploads\/2017\/01\/Karlslunde-Skole-ca.1980.-20.jpg\"><img decoding=\"async\" loading=\"lazy\" class=\"aligncenter wp-image-1061 size-medium\" src=\"http:\/\/photostory.dk\/wp-content\/uploads\/2017\/01\/Karlslunde-Skole-ca.1980.-20-295x191.jpg\" width=\"295\" height=\"191\" srcset=\"https:\/\/www.photostory.dk\/wp-content\/uploads\/2017\/01\/Karlslunde-Skole-ca.1980.-20-295x191.jpg 295w, https:\/\/www.photostory.dk\/wp-content\/uploads\/2017\/01\/Karlslunde-Skole-ca.1980.-20-768x498.jpg 768w, https:\/\/www.photostory.dk\/wp-content\/uploads\/2017\/01\/Karlslunde-Skole-ca.1980.-20-1024x663.jpg 1024w, https:\/\/www.photostory.dk\/wp-content\/uploads\/2017\/01\/Karlslunde-Skole-ca.1980.-20.jpg 1136w\" sizes=\"(max-width: 295px) 100vw, 295px\" \/><\/a><\/td>\n<td><a href=\"http:\/\/photostory.dk\/wp-content\/uploads\/2017\/01\/Karlslunde-Skole-ca.1980.-11.jpg\"><img decoding=\"async\" loading=\"lazy\" class=\"wp-image-1054 size-medium aligncenter\" src=\"http:\/\/photostory.dk\/wp-content\/uploads\/2017\/01\/Karlslunde-Skole-ca.1980.-11-295x188.jpg\" width=\"295\" height=\"188\" srcset=\"https:\/\/www.photostory.dk\/wp-content\/uploads\/2017\/01\/Karlslunde-Skole-ca.1980.-11-295x188.jpg 295w, https:\/\/www.photostory.dk\/wp-content\/uploads\/2017\/01\/Karlslunde-Skole-ca.1980.-11-768x490.jpg 768w, https:\/\/www.photostory.dk\/wp-content\/uploads\/2017\/01\/Karlslunde-Skole-ca.1980.-11.jpg 852w\" sizes=\"(max-width: 295px) 100vw, 295px\" \/><\/a><\/td>\n<\/tr>\n<tr>\n<td colspan=\"2\">Karlslunde Skole i Greve Kommune, s\u00e5dan set lidt fra oven. Foto ca. 1981 af Lars Bj\u00f8rnsten. P\u00e5 det tidspunkt blev der p\u00e5 skolen arbejdet meget med fysisk planl\u00e6gning, arkitektur og design. Se om undervisningsforl\u00f8b p\u00e5 Karlslunde Skole <a href=\"http:\/\/photostory.dk\/?page_id=1023\">her!<\/a><\/td>\n<\/tr>\n<tr>\n<td><a href=\"http:\/\/photostory.dk\/wp-content\/uploads\/2017\/01\/Karlslunde-Skole-ca.1980.-19.jpg\"><img decoding=\"async\" loading=\"lazy\" class=\"aligncenter wp-image-1060 size-medium\" src=\"http:\/\/photostory.dk\/wp-content\/uploads\/2017\/01\/Karlslunde-Skole-ca.1980.-19-295x190.jpg\" width=\"295\" height=\"190\" srcset=\"https:\/\/www.photostory.dk\/wp-content\/uploads\/2017\/01\/Karlslunde-Skole-ca.1980.-19-295x190.jpg 295w, https:\/\/www.photostory.dk\/wp-content\/uploads\/2017\/01\/Karlslunde-Skole-ca.1980.-19-768x494.jpg 768w, https:\/\/www.photostory.dk\/wp-content\/uploads\/2017\/01\/Karlslunde-Skole-ca.1980.-19.jpg 846w\" sizes=\"(max-width: 295px) 100vw, 295px\" \/><\/a><\/td>\n<td><a href=\"http:\/\/photostory.dk\/wp-content\/uploads\/2017\/01\/Karlslunde-Skole-ca.1980.-9.jpg\"><img decoding=\"async\" loading=\"lazy\" class=\"wp-image-1052 size-medium aligncenter\" src=\"http:\/\/photostory.dk\/wp-content\/uploads\/2017\/01\/Karlslunde-Skole-ca.1980.-9-295x195.jpg\" width=\"295\" height=\"195\" srcset=\"https:\/\/www.photostory.dk\/wp-content\/uploads\/2017\/01\/Karlslunde-Skole-ca.1980.-9-295x195.jpg 295w, https:\/\/www.photostory.dk\/wp-content\/uploads\/2017\/01\/Karlslunde-Skole-ca.1980.-9-768x508.jpg 768w, https:\/\/www.photostory.dk\/wp-content\/uploads\/2017\/01\/Karlslunde-Skole-ca.1980.-9.jpg 846w\" sizes=\"(max-width: 295px) 100vw, 295px\" \/><\/a><\/td>\n<\/tr>\n<tr>\n<td><a href=\"http:\/\/photostory.dk\/wp-content\/uploads\/2017\/01\/Karlslunde-Skole-ca.1980.-4.jpg\"><img decoding=\"async\" loading=\"lazy\" class=\"wp-image-1047 size-medium aligncenter\" src=\"http:\/\/photostory.dk\/wp-content\/uploads\/2017\/01\/Karlslunde-Skole-ca.1980.-4-295x188.jpg\" width=\"295\" height=\"188\" srcset=\"https:\/\/www.photostory.dk\/wp-content\/uploads\/2017\/01\/Karlslunde-Skole-ca.1980.-4-295x188.jpg 295w, https:\/\/www.photostory.dk\/wp-content\/uploads\/2017\/01\/Karlslunde-Skole-ca.1980.-4-768x490.jpg 768w, https:\/\/www.photostory.dk\/wp-content\/uploads\/2017\/01\/Karlslunde-Skole-ca.1980.-4.jpg 852w\" sizes=\"(max-width: 295px) 100vw, 295px\" \/><\/a><\/td>\n<td><a href=\"http:\/\/photostory.dk\/wp-content\/uploads\/2017\/01\/Karlslunde-Skole-ca.1980.-8.jpg\"><img decoding=\"async\" loading=\"lazy\" class=\"wp-image-1051 size-medium aligncenter\" src=\"http:\/\/photostory.dk\/wp-content\/uploads\/2017\/01\/Karlslunde-Skole-ca.1980.-8-295x190.jpg\" width=\"295\" height=\"190\" srcset=\"https:\/\/www.photostory.dk\/wp-content\/uploads\/2017\/01\/Karlslunde-Skole-ca.1980.-8-295x190.jpg 295w, https:\/\/www.photostory.dk\/wp-content\/uploads\/2017\/01\/Karlslunde-Skole-ca.1980.-8-768x494.jpg 768w, https:\/\/www.photostory.dk\/wp-content\/uploads\/2017\/01\/Karlslunde-Skole-ca.1980.-8.jpg 846w\" sizes=\"(max-width: 295px) 100vw, 295px\" \/><\/a><\/td>\n<\/tr>\n<tr>\n<td><a href=\"http:\/\/photostory.dk\/wp-content\/uploads\/2017\/01\/Karlslunde-Skole-ca.1980.-1.jpg\"><img decoding=\"async\" loading=\"lazy\" class=\"wp-image-1044 size-medium aligncenter\" src=\"http:\/\/photostory.dk\/wp-content\/uploads\/2017\/01\/Karlslunde-Skole-ca.1980.-1-295x183.jpg\" width=\"295\" height=\"183\" srcset=\"https:\/\/www.photostory.dk\/wp-content\/uploads\/2017\/01\/Karlslunde-Skole-ca.1980.-1-295x183.jpg 295w, https:\/\/www.photostory.dk\/wp-content\/uploads\/2017\/01\/Karlslunde-Skole-ca.1980.-1-768x476.jpg 768w, https:\/\/www.photostory.dk\/wp-content\/uploads\/2017\/01\/Karlslunde-Skole-ca.1980.-1-825x510.jpg 825w, https:\/\/www.photostory.dk\/wp-content\/uploads\/2017\/01\/Karlslunde-Skole-ca.1980.-1.jpg 852w\" sizes=\"(max-width: 295px) 100vw, 295px\" \/><\/a><\/td>\n<td><a href=\"http:\/\/photostory.dk\/wp-content\/uploads\/2017\/01\/Karlslunde-Skole-ca.1980.-3.jpg\"><img decoding=\"async\" loading=\"lazy\" class=\"size-medium wp-image-1046 aligncenter\" src=\"http:\/\/photostory.dk\/wp-content\/uploads\/2017\/01\/Karlslunde-Skole-ca.1980.-3-295x188.jpg\" alt=\"\" width=\"295\" height=\"188\" srcset=\"https:\/\/www.photostory.dk\/wp-content\/uploads\/2017\/01\/Karlslunde-Skole-ca.1980.-3-295x188.jpg 295w, https:\/\/www.photostory.dk\/wp-content\/uploads\/2017\/01\/Karlslunde-Skole-ca.1980.-3-768x490.jpg 768w, https:\/\/www.photostory.dk\/wp-content\/uploads\/2017\/01\/Karlslunde-Skole-ca.1980.-3.jpg 852w\" sizes=\"(max-width: 295px) 100vw, 295px\" \/><\/a><\/td>\n<\/tr>\n<tr>\n<td><img decoding=\"async\" loading=\"lazy\" class=\"wp-image-1057 size-medium aligncenter\" src=\"http:\/\/photostory.dk\/wp-content\/uploads\/2017\/01\/Karlslunde-Skole-ca.1980.-14-295x188.jpg\" width=\"295\" height=\"188\" srcset=\"https:\/\/www.photostory.dk\/wp-content\/uploads\/2017\/01\/Karlslunde-Skole-ca.1980.-14-295x188.jpg 295w, https:\/\/www.photostory.dk\/wp-content\/uploads\/2017\/01\/Karlslunde-Skole-ca.1980.-14-768x490.jpg 768w, https:\/\/www.photostory.dk\/wp-content\/uploads\/2017\/01\/Karlslunde-Skole-ca.1980.-14.jpg 852w\" sizes=\"(max-width: 295px) 100vw, 295px\" \/><\/td>\n<td><a href=\"http:\/\/photostory.dk\/wp-content\/uploads\/2017\/01\/Karlslunde-Skole-ca.1980.-3.jpg\"><img decoding=\"async\" loading=\"lazy\" class=\"wp-image-1055 size-medium aligncenter\" src=\"http:\/\/photostory.dk\/wp-content\/uploads\/2017\/01\/Karlslunde-Skole-ca.1980.-12-295x190.jpg\" width=\"295\" height=\"190\" srcset=\"https:\/\/www.photostory.dk\/wp-content\/uploads\/2017\/01\/Karlslunde-Skole-ca.1980.-12-295x190.jpg 295w, https:\/\/www.photostory.dk\/wp-content\/uploads\/2017\/01\/Karlslunde-Skole-ca.1980.-12-768x494.jpg 768w, https:\/\/www.photostory.dk\/wp-content\/uploads\/2017\/01\/Karlslunde-Skole-ca.1980.-12.jpg 846w\" sizes=\"(max-width: 295px) 100vw, 295px\" \/><\/a><\/td>\n<\/tr>\n<tr>\n<td><img decoding=\"async\" loading=\"lazy\" class=\"wp-image-1048 size-medium aligncenter\" src=\"http:\/\/photostory.dk\/wp-content\/uploads\/2017\/01\/Karlslunde-Skole-ca.1980.-5-295x192.jpg\" width=\"295\" height=\"192\" srcset=\"https:\/\/www.photostory.dk\/wp-content\/uploads\/2017\/01\/Karlslunde-Skole-ca.1980.-5-295x192.jpg 295w, https:\/\/www.photostory.dk\/wp-content\/uploads\/2017\/01\/Karlslunde-Skole-ca.1980.-5-768x501.jpg 768w, https:\/\/www.photostory.dk\/wp-content\/uploads\/2017\/01\/Karlslunde-Skole-ca.1980.-5-1024x668.jpg 1024w, https:\/\/www.photostory.dk\/wp-content\/uploads\/2017\/01\/Karlslunde-Skole-ca.1980.-5.jpg 1128w\" sizes=\"(max-width: 295px) 100vw, 295px\" \/><\/td>\n<td><a href=\"http:\/\/photostory.dk\/wp-content\/uploads\/2017\/01\/Karlslunde-Skole-ca.1980.-3.jpg\"><img decoding=\"async\" loading=\"lazy\" class=\"wp-image-1053 size-medium aligncenter\" src=\"http:\/\/photostory.dk\/wp-content\/uploads\/2017\/01\/Karlslunde-Skole-ca.1980.-10-295x191.jpg\" width=\"295\" height=\"191\" srcset=\"https:\/\/www.photostory.dk\/wp-content\/uploads\/2017\/01\/Karlslunde-Skole-ca.1980.-10-295x191.jpg 295w, https:\/\/www.photostory.dk\/wp-content\/uploads\/2017\/01\/Karlslunde-Skole-ca.1980.-10-768x497.jpg 768w, https:\/\/www.photostory.dk\/wp-content\/uploads\/2017\/01\/Karlslunde-Skole-ca.1980.-10.jpg 840w\" sizes=\"(max-width: 295px) 100vw, 295px\" \/><\/a><\/td>\n<\/tr>\n<\/tbody>\n<\/table>\n<p><a href=\"http:\/\/photostory.dk\/wp-content\/uploads\/2017\/01\/Karlslunde-Skole-ca.1980.-1.jpg\"><br \/>\n<\/a><\/p>\n","protected":false},"excerpt":{"rendered":"<p>Karlslunde Skole i Greve Kommune, s\u00e5dan set lidt fra oven. Foto ca. 1981 af Lars Bj\u00f8rnsten. P\u00e5 det tidspunkt blev der p\u00e5 skolen arbejdet meget med fysisk planl\u00e6gning, arkitektur og design. Se om undervisningsforl\u00f8b p\u00e5 Karlslunde Skole her!<\/p>\n","protected":false},"author":1,"featured_media":0,"parent":0,"menu_order":0,"comment_status":"closed","ping_status":"closed","template":"","meta":[],"_links":{"self":[{"href":"https:\/\/www.photostory.dk\/index.php?rest_route=\/wp\/v2\/pages\/1040"}],"collection":[{"href":"https:\/\/www.photostory.dk\/index.php?rest_route=\/wp\/v2\/pages"}],"about":[{"href":"https:\/\/www.photostory.dk\/index.php?rest_route=\/wp\/v2\/types\/page"}],"author":[{"embeddable":true,"href":"https:\/\/www.photostory.dk\/index.php?rest_route=\/wp\/v2\/users\/1"}],"replies":[{"embeddable":true,"href":"https:\/\/www.photostory.dk\/index.php?rest_route=%2Fwp%2Fv2%2Fcomments&post=1040"}],"version-history":[{"count":16,"href":"https:\/\/www.photostory.dk\/index.php?rest_route=\/wp\/v2\/pages\/1040\/revisions"}],"predecessor-version":[{"id":1080,"href":"https:\/\/www.photostory.dk\/index.php?rest_route=\/wp\/v2\/pages\/1040\/revisions\/1080"}],"wp:attachment":[{"href":"https:\/\/www.photostory.dk\/index.php?rest_route=%2Fwp%2Fv2%2Fmedia&parent=1040"}],"curies":[{"name":"wp","href":"https:\/\/api.w.org\/{rel}","templated":true}]}}