{"id":1016,"date":"2017-01-03T11:31:37","date_gmt":"2017-01-03T11:31:37","guid":{"rendered":"http:\/\/photostory.dk\/?page_id=1016"},"modified":"2017-01-03T11:31:37","modified_gmt":"2017-01-03T11:31:37","slug":"en-gammel-stenbro-ved-korporalskroen-i-karlslunde","status":"publish","type":"page","link":"https:\/\/www.photostory.dk\/?page_id=1016","title":{"rendered":"En gammel stenbro ved Korporalskroen i Karlslunde"},"content":{"rendered":"<p><a href=\"http:\/\/photostory.dk\/wp-content\/uploads\/2017\/01\/karlslunde_0006.jpg\"><img decoding=\"async\" loading=\"lazy\" class=\"alignnone size-large wp-image-1017\" src=\"http:\/\/photostory.dk\/wp-content\/uploads\/2017\/01\/karlslunde_0006-1024x796.jpg\" alt=\"\" width=\"660\" height=\"513\" srcset=\"https:\/\/www.photostory.dk\/wp-content\/uploads\/2017\/01\/karlslunde_0006.jpg 1024w, https:\/\/www.photostory.dk\/wp-content\/uploads\/2017\/01\/karlslunde_0006-283x220.jpg 283w, https:\/\/www.photostory.dk\/wp-content\/uploads\/2017\/01\/karlslunde_0006-768x597.jpg 768w\" sizes=\"(max-width: 660px) 100vw, 660px\" \/><\/a><\/p>\n<p style=\"text-align: center;\">En gammel stenbro ved Korporalskroen i Karlslunde<\/p>\n<p style=\"text-align: center;\">Korporalskroen T\u00e5strupvej 4 2690 Karlslunde<\/p>\n<p>Ovenst\u00e5ende er en del af et undervisningforl\u00f8b p\u00e5 Karlslunde Skole med titlen\u00a0\u00bbKarlslunde f\u00f8r og nu &#8211; og lidt om fremtiden\u00ab som en 4. klasse med stor dygtighed udf\u00f8rte p\u00e5 Karlslunde Skole i Greve Kommune i slutningen af \u00e5ret 1981. Se mere om undervisningsforl\u00f8bet <strong><a href=\"http:\/\/photostory.dk\/?page_id=297\">her!<\/a><\/strong><\/p>\n<p style=\"text-align: center;\"><a href=\"http:\/\/photostory.dk\/?page_id=289\">Oversigt over \u00bbKarlslunde f\u00f8r og nu \u2013 og lidt om fremtiden\u00ab 1981<\/a><\/p>\n<p>&nbsp;<\/p>\n","protected":false},"excerpt":{"rendered":"<p>En gammel stenbro ved Korporalskroen i Karlslunde Korporalskroen T\u00e5strupvej 4 2690 Karlslunde Ovenst\u00e5ende er en del af et undervisningforl\u00f8b p\u00e5 Karlslunde Skole med titlen\u00a0\u00bbKarlslunde f\u00f8r og nu &#8211; og lidt om fremtiden\u00ab som en 4. klasse med stor dygtighed udf\u00f8rte p\u00e5 Karlslunde Skole i Greve Kommune i slutningen af \u00e5ret 1981. Se mere om undervisningsforl\u00f8bet &hellip; <a href=\"https:\/\/www.photostory.dk\/?page_id=1016\" class=\"more-link\">L\u00e6s mere <span class=\"screen-reader-text\">En gammel stenbro ved Korporalskroen i Karlslunde<\/span><\/a><\/p>\n","protected":false},"author":1,"featured_media":0,"parent":0,"menu_order":0,"comment_status":"closed","ping_status":"closed","template":"","meta":[],"_links":{"self":[{"href":"https:\/\/www.photostory.dk\/index.php?rest_route=\/wp\/v2\/pages\/1016"}],"collection":[{"href":"https:\/\/www.photostory.dk\/index.php?rest_route=\/wp\/v2\/pages"}],"about":[{"href":"https:\/\/www.photostory.dk\/index.php?rest_route=\/wp\/v2\/types\/page"}],"author":[{"embeddable":true,"href":"https:\/\/www.photostory.dk\/index.php?rest_route=\/wp\/v2\/users\/1"}],"replies":[{"embeddable":true,"href":"https:\/\/www.photostory.dk\/index.php?rest_route=%2Fwp%2Fv2%2Fcomments&post=1016"}],"version-history":[{"count":2,"href":"https:\/\/www.photostory.dk\/index.php?rest_route=\/wp\/v2\/pages\/1016\/revisions"}],"predecessor-version":[{"id":1021,"href":"https:\/\/www.photostory.dk\/index.php?rest_route=\/wp\/v2\/pages\/1016\/revisions\/1021"}],"wp:attachment":[{"href":"https:\/\/www.photostory.dk\/index.php?rest_route=%2Fwp%2Fv2%2Fmedia&parent=1016"}],"curies":[{"name":"wp","href":"https:\/\/api.w.org\/{rel}","templated":true}]}}